{"id":24,"date":"2019-06-23T17:05:15","date_gmt":"2019-06-23T17:05:15","guid":{"rendered":"http:\/\/www.farny.eu\/?page_id=24"},"modified":"2019-08-21T18:07:27","modified_gmt":"2019-08-21T17:07:27","slug":"contact","status":"publish","type":"page","link":"https:\/\/www.farny.eu\/?page_id=24","title":{"rendered":"Kontakt"},"content":{"rendered":"\n<p>V\u00edt\u011bzslav Farn\u00fd<\/p>\n\n\n\n<p>email: farny@farny.eu<\/p>\n","protected":false},"excerpt":{"rendered":"<p>V\u00edt\u011bzslav Farn\u00fd email: farny@farny.eu<\/p>\n","protected":false},"author":1,"featured_media":0,"parent":0,"menu_order":0,"comment_status":"closed","ping_status":"closed","template":"","meta":{"footnotes":""},"class_list":["post-24","page","type-page","status-publish","hentry"],"_links":{"self":[{"href":"https:\/\/www.farny.eu\/index.php?rest_route=\/wp\/v2\/pages\/24","targetHints":{"allow":["GET"]}}],"collection":[{"href":"https:\/\/www.farny.eu\/index.php?rest_route=\/wp\/v2\/pages"}],"about":[{"href":"https:\/\/www.farny.eu\/index.php?rest_route=\/wp\/v2\/types\/page"}],"author":[{"embeddable":true,"href":"https:\/\/www.farny.eu\/index.php?rest_route=\/wp\/v2\/users\/1"}],"replies":[{"embeddable":true,"href":"https:\/\/www.farny.eu\/index.php?rest_route=%2Fwp%2Fv2%2Fcomments&post=24"}],"version-history":[{"count":3,"href":"https:\/\/www.farny.eu\/index.php?rest_route=\/wp\/v2\/pages\/24\/revisions"}],"predecessor-version":[{"id":97,"href":"https:\/\/www.farny.eu\/index.php?rest_route=\/wp\/v2\/pages\/24\/revisions\/97"}],"wp:attachment":[{"href":"https:\/\/www.farny.eu\/index.php?rest_route=%2Fwp%2Fv2%2Fmedia&parent=24"}],"curies":[{"name":"wp","href":"https:\/\/api.w.org\/{rel}","templated":true}]}}